{"id":32,"date":"2023-02-09T14:15:01","date_gmt":"2023-02-09T20:15:01","guid":{"rendered":"https:\/\/iepac.mx\/revista-tu-voz\/?page_id=32"},"modified":"2023-10-24T17:05:47","modified_gmt":"2023-10-24T23:05:47","slug":"comite-editorial","status":"publish","type":"page","link":"https:\/\/iepac.mx\/revista-tu-voz\/?page_id=32","title":{"rendered":"Comit\u00e9 Editorial"},"content":{"rendered":"\n<p>Ka T\u2019aan (Tu voz) es una publicaci\u00f3n digital emitida por el Instituto Electoral y de Participaci\u00f3n Ciudadana de Yucat\u00e1n que tiene como objetivo promover y difundir la cultura pol\u00edtico-democr\u00e1tica del estado.<\/p>\n\n\n\n<p>Desde la Oficina de Comunicaci\u00f3n Social y Log\u00edstica del IEPAC se lleva a cabo la labor de producci\u00f3n e integraci\u00f3n editorial, bajo la supervisi\u00f3n de la Presidencia del Consejo General, y en coordinaci\u00f3n con el Comit\u00e9 de Comunicaci\u00f3n institucional integrado por personal de todas las direcciones y unidades que conforman este Instituto.<\/p>\n\n\n\n<figure class=\"wp-block-image size-large\"><img loading=\"lazy\" decoding=\"async\" width=\"1024\" height=\"730\" src=\"https:\/\/iepac.mx\/revista-tu-voz\/wp-content\/uploads\/2023\/10\/touch-screen-1023966_1280-1024x730.jpg\" alt=\"\" class=\"wp-image-570\" srcset=\"https:\/\/iepac.mx\/revista-tu-voz\/wp-content\/uploads\/2023\/10\/touch-screen-1023966_1280-1024x730.jpg 1024w, https:\/\/iepac.mx\/revista-tu-voz\/wp-content\/uploads\/2023\/10\/touch-screen-1023966_1280-300x214.jpg 300w, https:\/\/iepac.mx\/revista-tu-voz\/wp-content\/uploads\/2023\/10\/touch-screen-1023966_1280-768x547.jpg 768w, https:\/\/iepac.mx\/revista-tu-voz\/wp-content\/uploads\/2023\/10\/touch-screen-1023966_1280.jpg 1280w\" sizes=\"auto, (max-width: 1024px) 100vw, 1024px\" \/><\/figure>\n\n\n\n<p>Las principales tem\u00e1ticas son referentes a democracia, informaci\u00f3n pol\u00edtico electoral, participaci\u00f3n ciudadana y educaci\u00f3n c\u00edvica.<\/p>\n\n\n\n<p>Los trabajos postulados deben ser una aportaci\u00f3n original del autor, por lo cual no se aceptan textos que ya hayan sido publicados en otros medios ni que se encuentren en proceso de revisi\u00f3n en otras editoriales.<\/p>\n\n\n\n<p>En caso de tratarse de m\u00e1s de un autor o autora deber\u00e1 incluirse la informaci\u00f3n de ambos\/as. La omisi\u00f3n intencionada de lo anterior, o pr\u00e1cticas como el plagio derivar\u00e1n en el rechazo inmediato del trabajo.<\/p>\n\n\n\n<p>Las citas textuales o materiales gr\u00e1ficos utilizados como parte de la colaboraci\u00f3n deber\u00e1n especificar sus fuentes.<\/p>\n\n\n\n<figure class=\"wp-block-image size-large\"><img loading=\"lazy\" decoding=\"async\" width=\"1024\" height=\"682\" src=\"https:\/\/iepac.mx\/revista-tu-voz\/wp-content\/uploads\/2023\/10\/books-683901_1280-1024x682.jpg\" alt=\"\" class=\"wp-image-571\" srcset=\"https:\/\/iepac.mx\/revista-tu-voz\/wp-content\/uploads\/2023\/10\/books-683901_1280-1024x682.jpg 1024w, https:\/\/iepac.mx\/revista-tu-voz\/wp-content\/uploads\/2023\/10\/books-683901_1280-300x200.jpg 300w, https:\/\/iepac.mx\/revista-tu-voz\/wp-content\/uploads\/2023\/10\/books-683901_1280-768x512.jpg 768w, https:\/\/iepac.mx\/revista-tu-voz\/wp-content\/uploads\/2023\/10\/books-683901_1280.jpg 1280w\" sizes=\"auto, (max-width: 1024px) 100vw, 1024px\" \/><\/figure>\n\n\n\n<p>Como parte de los criterios \u00e9ticos en pro del respeto se debe evitar en las colaboraciones el uso de lenguaje que pudiera incitar a la violencia o a la discriminaci\u00f3n en cualquiera de sus formas, as\u00ed como expresiones de \u00edndole propagand\u00edstico pol\u00edtico-partidista o religioso, que atenten contra los principios y criterios \u00e9ticos de este Instituto. La omisi\u00f3n a lo anterior ser\u00e1 objeto de la eliminaci\u00f3n del trabajo durante el proceso de selecci\u00f3n.<\/p>\n\n\n\n<p>La publicaci\u00f3n es de car\u00e1cter informativo sin fines de lucro, por lo cual las colaboraciones no son retribuidas econ\u00f3micamente, ni se utilizar\u00e1 para difusi\u00f3n de propaganda o publicidad ajena a este \u00f3rgano electoral.<\/p>\n\n\n\n<p>Las y los autores que deseen colaborar deben enviar sus colaboraciones al correo comunicacion.social@iepac.mx acompa\u00f1adas de una Declaraci\u00f3n de originalidad y cesi\u00f3n de derechos firmada, en la que declaren cumplir con las condiciones anteriores, adem\u00e1s de autorizar al Instituto para editar, reproducir, publicar, distribuir, transformar y, en su caso, presentar p\u00fablicamente la colaboraci\u00f3n en cualquier forma o medio f\u00edsico y digital; para fines exclusivamente de difusi\u00f3n de contenidos que contribuyan al fortalecimiento de la cultura democr\u00e1tica, respetando en todo momento su autor\u00eda.<\/p>\n\n\n\n<p>Si deseas colaborar con nosotros escr\u00edbenos a comunicacion.social@iepac.mx y comp\u00e1rtenos tus ideas.<\/p>\n\n\n\n<figure class=\"wp-block-image size-large\"><img loading=\"lazy\" decoding=\"async\" width=\"1024\" height=\"682\" src=\"https:\/\/iepac.mx\/revista-tu-voz\/wp-content\/uploads\/2023\/10\/keyboard-5133717_1280-1024x682.jpg\" alt=\"\" class=\"wp-image-572\" srcset=\"https:\/\/iepac.mx\/revista-tu-voz\/wp-content\/uploads\/2023\/10\/keyboard-5133717_1280-1024x682.jpg 1024w, https:\/\/iepac.mx\/revista-tu-voz\/wp-content\/uploads\/2023\/10\/keyboard-5133717_1280-300x200.jpg 300w, https:\/\/iepac.mx\/revista-tu-voz\/wp-content\/uploads\/2023\/10\/keyboard-5133717_1280-768x512.jpg 768w, https:\/\/iepac.mx\/revista-tu-voz\/wp-content\/uploads\/2023\/10\/keyboard-5133717_1280.jpg 1280w\" sizes=\"auto, (max-width: 1024px) 100vw, 1024px\" \/><\/figure>\n","protected":false},"excerpt":{"rendered":"<p>Ka T\u2019aan (Tu voz) es una publicaci\u00f3n digital emitida por el Instituto Electoral y de Participaci\u00f3n Ciudadana de Yucat\u00e1n que tiene como objetivo promover y difundir la cultura pol\u00edtico-democr\u00e1tica del estado. Desde la Oficina de Comunicaci\u00f3n Social y Log\u00edstica del IEPAC se lleva a cabo la labor de producci\u00f3n e integraci\u00f3n editorial, bajo la supervisi\u00f3n [&hellip;]<\/p>\n","protected":false},"author":1,"featured_media":0,"parent":0,"menu_order":0,"comment_status":"open","ping_status":"closed","template":"","meta":{"_themeisle_gutenberg_block_has_review":false,"footnotes":""},"class_list":["post-32","page","type-page","status-publish","hentry"],"yoast_head":"<!-- This site is optimized with the Yoast SEO plugin v21.5 - https:\/\/yoast.com\/wordpress\/plugins\/seo\/ -->\n<title>Comit\u00e9 Editorial - Revista Ka T&#039;aan<\/title>\n<meta name=\"robots\" content=\"index, follow, max-snippet:-1, max-image-preview:large, max-video-preview:-1\" \/>\n<link rel=\"canonical\" href=\"https:\/\/iepac.mx\/revista-tu-voz\/?page_id=32\" \/>\n<meta property=\"og:locale\" content=\"es_MX\" \/>\n<meta property=\"og:type\" content=\"article\" \/>\n<meta property=\"og:title\" content=\"Comit\u00e9 Editorial - Revista Ka T&#039;aan\" \/>\n<meta property=\"og:description\" content=\"Ka T\u2019aan (Tu voz) es una publicaci\u00f3n digital emitida por el Instituto Electoral y de Participaci\u00f3n Ciudadana de Yucat\u00e1n que tiene como objetivo promover y difundir la cultura pol\u00edtico-democr\u00e1tica del estado. Desde la Oficina de Comunicaci\u00f3n Social y Log\u00edstica del IEPAC se lleva a cabo la labor de producci\u00f3n e integraci\u00f3n editorial, bajo la supervisi\u00f3n [&hellip;]\" \/>\n<meta property=\"og:url\" content=\"https:\/\/iepac.mx\/revista-tu-voz\/?page_id=32\" \/>\n<meta property=\"og:site_name\" content=\"Revista Ka T&#039;aan\" \/>\n<meta property=\"article:modified_time\" content=\"2023-10-24T23:05:47+00:00\" \/>\n<meta property=\"og:image\" content=\"https:\/\/iepac.mx\/revista-tu-voz\/wp-content\/uploads\/2023\/10\/touch-screen-1023966_1280-1024x730.jpg\" \/>\n<meta name=\"twitter:card\" content=\"summary_large_image\" \/>\n<meta name=\"twitter:label1\" content=\"Tiempo de lectura\" \/>\n\t<meta name=\"twitter:data1\" content=\"3 minutos\" \/>\n<script type=\"application\/ld+json\" class=\"yoast-schema-graph\">{\"@context\":\"https:\/\/schema.org\",\"@graph\":[{\"@type\":\"WebPage\",\"@id\":\"https:\/\/iepac.mx\/revista-tu-voz\/?page_id=32\",\"url\":\"https:\/\/iepac.mx\/revista-tu-voz\/?page_id=32\",\"name\":\"Comit\u00e9 Editorial - Revista Ka T&#039;aan\",\"isPartOf\":{\"@id\":\"https:\/\/iepac.mx\/revista-tu-voz\/#website\"},\"datePublished\":\"2023-02-09T20:15:01+00:00\",\"dateModified\":\"2023-10-24T23:05:47+00:00\",\"breadcrumb\":{\"@id\":\"https:\/\/iepac.mx\/revista-tu-voz\/?page_id=32#breadcrumb\"},\"inLanguage\":\"es\",\"potentialAction\":[{\"@type\":\"ReadAction\",\"target\":[\"https:\/\/iepac.mx\/revista-tu-voz\/?page_id=32\"]}]},{\"@type\":\"BreadcrumbList\",\"@id\":\"https:\/\/iepac.mx\/revista-tu-voz\/?page_id=32#breadcrumb\",\"itemListElement\":[{\"@type\":\"ListItem\",\"position\":1,\"name\":\"Inicio\",\"item\":\"https:\/\/iepac.mx\/revista-tu-voz\"},{\"@type\":\"ListItem\",\"position\":2,\"name\":\"Comit\u00e9 Editorial\"}]},{\"@type\":\"WebSite\",\"@id\":\"https:\/\/iepac.mx\/revista-tu-voz\/#website\",\"url\":\"https:\/\/iepac.mx\/revista-tu-voz\/\",\"name\":\"Revista Ka T&#039;aan\",\"description\":\"Un espacio donde se expresa Tu Voz\",\"publisher\":{\"@id\":\"https:\/\/iepac.mx\/revista-tu-voz\/#organization\"},\"potentialAction\":[{\"@type\":\"SearchAction\",\"target\":{\"@type\":\"EntryPoint\",\"urlTemplate\":\"https:\/\/iepac.mx\/revista-tu-voz\/?s={search_term_string}\"},\"query-input\":\"required name=search_term_string\"}],\"inLanguage\":\"es\"},{\"@type\":\"Organization\",\"@id\":\"https:\/\/iepac.mx\/revista-tu-voz\/#organization\",\"name\":\"Revista Ka T&#039;aan\",\"url\":\"https:\/\/iepac.mx\/revista-tu-voz\/\",\"logo\":{\"@type\":\"ImageObject\",\"inLanguage\":\"es\",\"@id\":\"https:\/\/iepac.mx\/revista-tu-voz\/#\/schema\/logo\/image\/\",\"url\":\"https:\/\/iepac.mx\/revista-tu-voz\/wp-content\/uploads\/2023\/02\/cropped-LOGO-KATAAN.png\",\"contentUrl\":\"https:\/\/iepac.mx\/revista-tu-voz\/wp-content\/uploads\/2023\/02\/cropped-LOGO-KATAAN.png\",\"width\":300,\"height\":138,\"caption\":\"Revista Ka T&#039;aan\"},\"image\":{\"@id\":\"https:\/\/iepac.mx\/revista-tu-voz\/#\/schema\/logo\/image\/\"}}]}<\/script>\n<!-- \/ Yoast SEO plugin. -->","yoast_head_json":{"title":"Comit\u00e9 Editorial - Revista Ka T&#039;aan","robots":{"index":"index","follow":"follow","max-snippet":"max-snippet:-1","max-image-preview":"max-image-preview:large","max-video-preview":"max-video-preview:-1"},"canonical":"https:\/\/iepac.mx\/revista-tu-voz\/?page_id=32","og_locale":"es_MX","og_type":"article","og_title":"Comit\u00e9 Editorial - Revista Ka T&#039;aan","og_description":"Ka T\u2019aan (Tu voz) es una publicaci\u00f3n digital emitida por el Instituto Electoral y de Participaci\u00f3n Ciudadana de Yucat\u00e1n que tiene como objetivo promover y difundir la cultura pol\u00edtico-democr\u00e1tica del estado. Desde la Oficina de Comunicaci\u00f3n Social y Log\u00edstica del IEPAC se lleva a cabo la labor de producci\u00f3n e integraci\u00f3n editorial, bajo la supervisi\u00f3n [&hellip;]","og_url":"https:\/\/iepac.mx\/revista-tu-voz\/?page_id=32","og_site_name":"Revista Ka T&#039;aan","article_modified_time":"2023-10-24T23:05:47+00:00","og_image":[{"url":"https:\/\/iepac.mx\/revista-tu-voz\/wp-content\/uploads\/2023\/10\/touch-screen-1023966_1280-1024x730.jpg"}],"twitter_card":"summary_large_image","twitter_misc":{"Tiempo de lectura":"3 minutos"},"schema":{"@context":"https:\/\/schema.org","@graph":[{"@type":"WebPage","@id":"https:\/\/iepac.mx\/revista-tu-voz\/?page_id=32","url":"https:\/\/iepac.mx\/revista-tu-voz\/?page_id=32","name":"Comit\u00e9 Editorial - Revista Ka T&#039;aan","isPartOf":{"@id":"https:\/\/iepac.mx\/revista-tu-voz\/#website"},"datePublished":"2023-02-09T20:15:01+00:00","dateModified":"2023-10-24T23:05:47+00:00","breadcrumb":{"@id":"https:\/\/iepac.mx\/revista-tu-voz\/?page_id=32#breadcrumb"},"inLanguage":"es","potentialAction":[{"@type":"ReadAction","target":["https:\/\/iepac.mx\/revista-tu-voz\/?page_id=32"]}]},{"@type":"BreadcrumbList","@id":"https:\/\/iepac.mx\/revista-tu-voz\/?page_id=32#breadcrumb","itemListElement":[{"@type":"ListItem","position":1,"name":"Inicio","item":"https:\/\/iepac.mx\/revista-tu-voz"},{"@type":"ListItem","position":2,"name":"Comit\u00e9 Editorial"}]},{"@type":"WebSite","@id":"https:\/\/iepac.mx\/revista-tu-voz\/#website","url":"https:\/\/iepac.mx\/revista-tu-voz\/","name":"Revista Ka T&#039;aan","description":"Un espacio donde se expresa Tu Voz","publisher":{"@id":"https:\/\/iepac.mx\/revista-tu-voz\/#organization"},"potentialAction":[{"@type":"SearchAction","target":{"@type":"EntryPoint","urlTemplate":"https:\/\/iepac.mx\/revista-tu-voz\/?s={search_term_string}"},"query-input":"required name=search_term_string"}],"inLanguage":"es"},{"@type":"Organization","@id":"https:\/\/iepac.mx\/revista-tu-voz\/#organization","name":"Revista Ka T&#039;aan","url":"https:\/\/iepac.mx\/revista-tu-voz\/","logo":{"@type":"ImageObject","inLanguage":"es","@id":"https:\/\/iepac.mx\/revista-tu-voz\/#\/schema\/logo\/image\/","url":"https:\/\/iepac.mx\/revista-tu-voz\/wp-content\/uploads\/2023\/02\/cropped-LOGO-KATAAN.png","contentUrl":"https:\/\/iepac.mx\/revista-tu-voz\/wp-content\/uploads\/2023\/02\/cropped-LOGO-KATAAN.png","width":300,"height":138,"caption":"Revista Ka T&#039;aan"},"image":{"@id":"https:\/\/iepac.mx\/revista-tu-voz\/#\/schema\/logo\/image\/"}}]}},"_links":{"self":[{"href":"https:\/\/iepac.mx\/revista-tu-voz\/index.php?rest_route=\/wp\/v2\/pages\/32","targetHints":{"allow":["GET"]}}],"collection":[{"href":"https:\/\/iepac.mx\/revista-tu-voz\/index.php?rest_route=\/wp\/v2\/pages"}],"about":[{"href":"https:\/\/iepac.mx\/revista-tu-voz\/index.php?rest_route=\/wp\/v2\/types\/page"}],"author":[{"embeddable":true,"href":"https:\/\/iepac.mx\/revista-tu-voz\/index.php?rest_route=\/wp\/v2\/users\/1"}],"replies":[{"embeddable":true,"href":"https:\/\/iepac.mx\/revista-tu-voz\/index.php?rest_route=%2Fwp%2Fv2%2Fcomments&post=32"}],"version-history":[{"count":13,"href":"https:\/\/iepac.mx\/revista-tu-voz\/index.php?rest_route=\/wp\/v2\/pages\/32\/revisions"}],"predecessor-version":[{"id":573,"href":"https:\/\/iepac.mx\/revista-tu-voz\/index.php?rest_route=\/wp\/v2\/pages\/32\/revisions\/573"}],"wp:attachment":[{"href":"https:\/\/iepac.mx\/revista-tu-voz\/index.php?rest_route=%2Fwp%2Fv2%2Fmedia&parent=32"}],"curies":[{"name":"wp","href":"https:\/\/api.w.org\/{rel}","templated":true}]}}